{"id":4331,"date":"2020-03-07T18:44:41","date_gmt":"2020-03-07T17:44:41","guid":{"rendered":"http:\/\/lesamisdelart.fr\/?page_id=4331"},"modified":"2025-03-11T17:01:18","modified_gmt":"2025-03-11T16:01:18","slug":"accueil","status":"publish","type":"page","link":"https:\/\/lesamisdelart.fr\/","title":{"rendered":"Accueil"},"content":{"rendered":"\n<p><\/p>\n\n\n\n<div class=\"wp-block-columns is-layout-flex wp-container-core-columns-is-layout-1 wp-block-columns-is-layout-flex\">\n<div class=\"wp-block-column is-layout-flow wp-block-column-is-layout-flow\">\n<figure class=\"wp-block-image size-large is-resized is-style-default\"><img loading=\"lazy\" decoding=\"async\" width=\"480\" height=\"484\" src=\"http:\/\/lesamisdelart.fr\/wp-content\/uploads\/2020\/02\/artiste0028.jpg\" alt=\"Expo en cours \" class=\"wp-image-77\" style=\"width:240px;height:242px\" srcset=\"https:\/\/lesamisdelart.fr\/wp-content\/uploads\/2020\/02\/artiste0028.jpg 480w, https:\/\/lesamisdelart.fr\/wp-content\/uploads\/2020\/02\/artiste0028-298x300.jpg 298w, https:\/\/lesamisdelart.fr\/wp-content\/uploads\/2020\/02\/artiste0028-150x150.jpg 150w, https:\/\/lesamisdelart.fr\/wp-content\/uploads\/2020\/02\/artiste0028-100x100.jpg 100w\" sizes=\"auto, (max-width: 480px) 100vw, 480px\" \/><figcaption class=\"wp-element-caption\"><strong>Artiste 1<\/strong><br><\/figcaption><\/figure>\n<\/div>\n\n\n\n<div class=\"wp-block-column is-layout-flow wp-block-column-is-layout-flow\">\n<figure class=\"wp-block-image size-full is-resized is-style-default\"><img loading=\"lazy\" decoding=\"async\" width=\"822\" height=\"960\" src=\"http:\/\/lesamisdelart.fr\/wp-content\/uploads\/2020\/02\/artiste003.jpg\" alt=\"\" class=\"wp-image-69\" style=\"width:206px;height:240px\" srcset=\"https:\/\/lesamisdelart.fr\/wp-content\/uploads\/2020\/02\/artiste003.jpg 822w, https:\/\/lesamisdelart.fr\/wp-content\/uploads\/2020\/02\/artiste003-257x300.jpg 257w, https:\/\/lesamisdelart.fr\/wp-content\/uploads\/2020\/02\/artiste003-768x897.jpg 768w\" sizes=\"auto, (max-width: 822px) 100vw, 822px\" \/><figcaption class=\"wp-element-caption\"><strong>Artiste 2 <\/strong><br><\/figcaption><\/figure>\n<\/div>\n\n\n\n<div class=\"wp-block-column is-vertically-aligned-center is-layout-flow wp-block-column-is-layout-flow\">\n<h3 class=\"wp-block-heading\">Promouvoir les artistes de l&rsquo;Art visuel \u00e0 travers des expositions collectives ou des \u00e9v\u00e9nements.<\/h3>\n\n\n\n<h3 class=\"wp-block-heading\">Regrouper les amis de l&rsquo;Art<\/h3>\n\n\n\n<p>Promouvoir les artistes de l&rsquo;Art visuel \u00e0 travers des expositions collectives ou des \u00e9v\u00e9nements<\/p>\n<\/div>\n<\/div>\n\n\n\n<div class=\"wp-block-columns is-layout-flex wp-container-core-columns-is-layout-2 wp-block-columns-is-layout-flex\">\n<div class=\"wp-block-column is-layout-flow wp-block-column-is-layout-flow\">\n<figure class=\"wp-block-image\"><img loading=\"lazy\" decoding=\"async\" width=\"225\" height=\"300\" src=\"http:\/\/lesamisdelart.fr\/wp-content\/uploads\/2020\/03\/peinture-2017-023-225x300.jpg\" alt=\"\" class=\"wp-image-4512\" srcset=\"https:\/\/lesamisdelart.fr\/wp-content\/uploads\/2020\/03\/peinture-2017-023-225x300.jpg 225w, https:\/\/lesamisdelart.fr\/wp-content\/uploads\/2020\/03\/peinture-2017-023-150x200.jpg 150w, https:\/\/lesamisdelart.fr\/wp-content\/uploads\/2020\/03\/peinture-2017-023.jpg 360w\" sizes=\"auto, (max-width: 225px) 100vw, 225px\" \/><\/figure>\n\n\n\n<h3 class=\"wp-block-heading\">Artiste du mois<\/h3>\n\n\n\n<p>Lorem ipsum, or lipsum as it is sometimes known, is dummy text used in laying out print, graphic or web designs. <\/p>\n\n\n\n<div class=\"wp-block-buttons is-layout-flex wp-block-buttons-is-layout-flex\">\n<div class=\"wp-block-button is-style-primary\"><a class=\"wp-block-button__link wp-element-button\" href=\"http:\/\/lesamisdelart.fr\/?page_id=4616\">En savoir +<\/a><\/div>\n<\/div>\n\n\n\n<div style=\"height:30px\" aria-hidden=\"true\" class=\"wp-block-spacer\"><\/div>\n<\/div>\n\n\n\n<div class=\"wp-block-column is-layout-flow wp-block-column-is-layout-flow\">\n<figure class=\"wp-block-image size-full is-resized\"><img loading=\"lazy\" decoding=\"async\" width=\"640\" height=\"960\" src=\"http:\/\/lesamisdelart.fr\/wp-content\/uploads\/2020\/02\/artiste0016.jpg\" alt=\"\" class=\"wp-image-56\" style=\"width:201px;height:301px\" srcset=\"https:\/\/lesamisdelart.fr\/wp-content\/uploads\/2020\/02\/artiste0016.jpg 640w, https:\/\/lesamisdelart.fr\/wp-content\/uploads\/2020\/02\/artiste0016-200x300.jpg 200w\" sizes=\"auto, (max-width: 640px) 100vw, 640px\" \/><\/figure>\n\n\n\n<h3 class=\"wp-block-heading\"> Artiste insolite<\/h3>\n\n\n\n<p>The passage is attributed to an unknown typesetter in the 15th century who is thought to have scrambled parts.<\/p>\n\n\n\n<div class=\"wp-block-buttons is-layout-flex wp-block-buttons-is-layout-flex\">\n<div class=\"wp-block-button is-style-primary\"><a class=\"wp-block-button__link wp-element-button\" href=\"http:\/\/lesamisdelart.fr\/?page_id=4620\"> En savoir + <\/a><\/div>\n<\/div>\n\n\n\n<div style=\"height:30px\" aria-hidden=\"true\" class=\"wp-block-spacer\"><\/div>\n<\/div>\n\n\n\n<div class=\"wp-block-column is-layout-flow wp-block-column-is-layout-flow\">\n<figure class=\"wp-block-image size-full is-resized\"><img loading=\"lazy\" decoding=\"async\" width=\"749\" height=\"960\" src=\"http:\/\/lesamisdelart.fr\/wp-content\/uploads\/2020\/02\/artiste0026.jpg\" alt=\"\" class=\"wp-image-79\" style=\"width:236px;height:302px\" srcset=\"https:\/\/lesamisdelart.fr\/wp-content\/uploads\/2020\/02\/artiste0026.jpg 749w, https:\/\/lesamisdelart.fr\/wp-content\/uploads\/2020\/02\/artiste0026-234x300.jpg 234w\" sizes=\"auto, (max-width: 749px) 100vw, 749px\" \/><\/figure>\n\n\n\n<h3 class=\"wp-block-heading\"> Artiste r\u00e9v\u00e9l\u00e9(e)<\/h3>\n\n\n\n<p>Lorem ipsum, or lipsum as it is sometimes known, is dummy text used in laying out print, graphic or web designs.<\/p>\n\n\n\n<div class=\"wp-block-buttons is-layout-flex wp-block-buttons-is-layout-flex\">\n<div class=\"wp-block-button is-style-primary\"><a class=\"wp-block-button__link wp-element-button\" href=\"http:\/\/lesamisdelart.fr\/?page_id=4618\"> En savoir + <\/a><\/div>\n<\/div>\n\n\n\n<div style=\"height:30px\" aria-hidden=\"true\" class=\"wp-block-spacer\"><\/div>\n<\/div>\n<\/div>\n\n\n\n\n\n<p><\/p>\n\n\n","protected":false},"excerpt":{"rendered":"<p>Promouvoir les artistes de l&rsquo;Art visuel \u00e0 travers des expositions collectives ou des \u00e9v\u00e9nements. Regrouper les amis de l&rsquo;Art Promouvoir les artistes de l&rsquo;Art visuel \u00e0 travers des expositions collectives ou des \u00e9v\u00e9nements Artiste du mois Lorem ipsum, or lipsum as it is sometimes known, is dummy text used in laying out print, graphic or&hellip;&nbsp;<a href=\"https:\/\/lesamisdelart.fr\/\" rel=\"bookmark\">Lire la suite &raquo;<span class=\"screen-reader-text\">Accueil<\/span><\/a><\/p>\n","protected":false},"author":1,"featured_media":0,"parent":0,"menu_order":0,"comment_status":"closed","ping_status":"closed","template":"","meta":{"neve_meta_sidebar":"","neve_meta_container":"","neve_meta_enable_content_width":"","neve_meta_content_width":0,"neve_meta_title_alignment":"","neve_meta_author_avatar":"","neve_post_elements_order":"","neve_meta_disable_header":"","neve_meta_disable_footer":"","neve_meta_disable_title":"","footnotes":""},"class_list":["post-4331","page","type-page","status-publish","hentry"],"yoast_head":"<!-- This site is optimized with the Yoast SEO plugin v24.7 - https:\/\/yoast.com\/wordpress\/plugins\/seo\/ -->\n<title>Accueil - Les Amis de L&#039;Art<\/title>\n<meta name=\"robots\" content=\"index, follow, max-snippet:-1, max-image-preview:large, max-video-preview:-1\" \/>\n<link rel=\"canonical\" href=\"https:\/\/lesamisdelart.fr\/\" \/>\n<meta property=\"og:locale\" content=\"fr_FR\" \/>\n<meta property=\"og:type\" content=\"article\" \/>\n<meta property=\"og:title\" content=\"Accueil - Les Amis de L&#039;Art\" \/>\n<meta property=\"og:description\" content=\"Promouvoir les artistes de l&rsquo;Art visuel \u00e0 travers des expositions collectives ou des \u00e9v\u00e9nements. Regrouper les amis de l&rsquo;Art Promouvoir les artistes de l&rsquo;Art visuel \u00e0 travers des expositions collectives ou des \u00e9v\u00e9nements Artiste du mois Lorem ipsum, or lipsum as it is sometimes known, is dummy text used in laying out print, graphic or&hellip;&nbsp;Lire la suite &raquo;Accueil\" \/>\n<meta property=\"og:url\" content=\"https:\/\/lesamisdelart.fr\/\" \/>\n<meta property=\"og:site_name\" content=\"Les Amis de L&#039;Art\" \/>\n<meta property=\"article:modified_time\" content=\"2025-03-11T16:01:18+00:00\" \/>\n<meta property=\"og:image\" content=\"http:\/\/lesamisdelart.fr\/wp-content\/uploads\/2020\/02\/artiste0028.jpg\" \/>\n<meta name=\"twitter:card\" content=\"summary_large_image\" \/>\n<meta name=\"twitter:label1\" content=\"Dur\u00e9e de lecture estim\u00e9e\" \/>\n\t<meta name=\"twitter:data1\" content=\"1 minute\" \/>\n<script type=\"application\/ld+json\" class=\"yoast-schema-graph\">{\"@context\":\"https:\/\/schema.org\",\"@graph\":[{\"@type\":\"WebPage\",\"@id\":\"https:\/\/lesamisdelart.fr\/\",\"url\":\"https:\/\/lesamisdelart.fr\/\",\"name\":\"Accueil - Les Amis de L&#039;Art\",\"isPartOf\":{\"@id\":\"https:\/\/lesamisdelart.fr\/#website\"},\"primaryImageOfPage\":{\"@id\":\"https:\/\/lesamisdelart.fr\/#primaryimage\"},\"image\":{\"@id\":\"https:\/\/lesamisdelart.fr\/#primaryimage\"},\"thumbnailUrl\":\"http:\/\/lesamisdelart.fr\/wp-content\/uploads\/2020\/02\/artiste0028.jpg\",\"datePublished\":\"2020-03-07T17:44:41+00:00\",\"dateModified\":\"2025-03-11T16:01:18+00:00\",\"breadcrumb\":{\"@id\":\"https:\/\/lesamisdelart.fr\/#breadcrumb\"},\"inLanguage\":\"fr-FR\",\"potentialAction\":[{\"@type\":\"ReadAction\",\"target\":[\"https:\/\/lesamisdelart.fr\/\"]}]},{\"@type\":\"ImageObject\",\"inLanguage\":\"fr-FR\",\"@id\":\"https:\/\/lesamisdelart.fr\/#primaryimage\",\"url\":\"http:\/\/lesamisdelart.fr\/wp-content\/uploads\/2020\/02\/artiste0028.jpg\",\"contentUrl\":\"http:\/\/lesamisdelart.fr\/wp-content\/uploads\/2020\/02\/artiste0028.jpg\"},{\"@type\":\"BreadcrumbList\",\"@id\":\"https:\/\/lesamisdelart.fr\/#breadcrumb\",\"itemListElement\":[{\"@type\":\"ListItem\",\"position\":1,\"name\":\"Accueil\",\"item\":\"https:\/\/lesamisdelart.fr\/\"},{\"@type\":\"ListItem\",\"position\":2,\"name\":\"Accueil\"}]},{\"@type\":\"WebSite\",\"@id\":\"https:\/\/lesamisdelart.fr\/#website\",\"url\":\"https:\/\/lesamisdelart.fr\/\",\"name\":\"Les Amis de L&#039;Art\",\"description\":\"Collectif d&#039;artistes \u00e0 Nantes\",\"publisher\":{\"@id\":\"https:\/\/lesamisdelart.fr\/#organization\"},\"potentialAction\":[{\"@type\":\"SearchAction\",\"target\":{\"@type\":\"EntryPoint\",\"urlTemplate\":\"https:\/\/lesamisdelart.fr\/?s={search_term_string}\"},\"query-input\":{\"@type\":\"PropertyValueSpecification\",\"valueRequired\":true,\"valueName\":\"search_term_string\"}}],\"inLanguage\":\"fr-FR\"},{\"@type\":\"Organization\",\"@id\":\"https:\/\/lesamisdelart.fr\/#organization\",\"name\":\"Les Amis de L&#039;Art\",\"url\":\"https:\/\/lesamisdelart.fr\/\",\"logo\":{\"@type\":\"ImageObject\",\"inLanguage\":\"fr-FR\",\"@id\":\"https:\/\/lesamisdelart.fr\/#\/schema\/logo\/image\/\",\"url\":\"https:\/\/lesamisdelart.fr\/wp-content\/uploads\/2020\/02\/cropped-cropped-logo_noir01-e1582188804811-1.png\",\"contentUrl\":\"https:\/\/lesamisdelart.fr\/wp-content\/uploads\/2020\/02\/cropped-cropped-logo_noir01-e1582188804811-1.png\",\"width\":83,\"height\":120,\"caption\":\"Les Amis de L&#039;Art\"},\"image\":{\"@id\":\"https:\/\/lesamisdelart.fr\/#\/schema\/logo\/image\/\"}}]}<\/script>\n<!-- \/ Yoast SEO plugin. -->","yoast_head_json":{"title":"Accueil - Les Amis de L&#039;Art","robots":{"index":"index","follow":"follow","max-snippet":"max-snippet:-1","max-image-preview":"max-image-preview:large","max-video-preview":"max-video-preview:-1"},"canonical":"https:\/\/lesamisdelart.fr\/","og_locale":"fr_FR","og_type":"article","og_title":"Accueil - Les Amis de L&#039;Art","og_description":"Promouvoir les artistes de l&rsquo;Art visuel \u00e0 travers des expositions collectives ou des \u00e9v\u00e9nements. Regrouper les amis de l&rsquo;Art Promouvoir les artistes de l&rsquo;Art visuel \u00e0 travers des expositions collectives ou des \u00e9v\u00e9nements Artiste du mois Lorem ipsum, or lipsum as it is sometimes known, is dummy text used in laying out print, graphic or&hellip;&nbsp;Lire la suite &raquo;Accueil","og_url":"https:\/\/lesamisdelart.fr\/","og_site_name":"Les Amis de L&#039;Art","article_modified_time":"2025-03-11T16:01:18+00:00","og_image":[{"url":"http:\/\/lesamisdelart.fr\/wp-content\/uploads\/2020\/02\/artiste0028.jpg","type":"","width":"","height":""}],"twitter_card":"summary_large_image","twitter_misc":{"Dur\u00e9e de lecture estim\u00e9e":"1 minute"},"schema":{"@context":"https:\/\/schema.org","@graph":[{"@type":"WebPage","@id":"https:\/\/lesamisdelart.fr\/","url":"https:\/\/lesamisdelart.fr\/","name":"Accueil - Les Amis de L&#039;Art","isPartOf":{"@id":"https:\/\/lesamisdelart.fr\/#website"},"primaryImageOfPage":{"@id":"https:\/\/lesamisdelart.fr\/#primaryimage"},"image":{"@id":"https:\/\/lesamisdelart.fr\/#primaryimage"},"thumbnailUrl":"http:\/\/lesamisdelart.fr\/wp-content\/uploads\/2020\/02\/artiste0028.jpg","datePublished":"2020-03-07T17:44:41+00:00","dateModified":"2025-03-11T16:01:18+00:00","breadcrumb":{"@id":"https:\/\/lesamisdelart.fr\/#breadcrumb"},"inLanguage":"fr-FR","potentialAction":[{"@type":"ReadAction","target":["https:\/\/lesamisdelart.fr\/"]}]},{"@type":"ImageObject","inLanguage":"fr-FR","@id":"https:\/\/lesamisdelart.fr\/#primaryimage","url":"http:\/\/lesamisdelart.fr\/wp-content\/uploads\/2020\/02\/artiste0028.jpg","contentUrl":"http:\/\/lesamisdelart.fr\/wp-content\/uploads\/2020\/02\/artiste0028.jpg"},{"@type":"BreadcrumbList","@id":"https:\/\/lesamisdelart.fr\/#breadcrumb","itemListElement":[{"@type":"ListItem","position":1,"name":"Accueil","item":"https:\/\/lesamisdelart.fr\/"},{"@type":"ListItem","position":2,"name":"Accueil"}]},{"@type":"WebSite","@id":"https:\/\/lesamisdelart.fr\/#website","url":"https:\/\/lesamisdelart.fr\/","name":"Les Amis de L&#039;Art","description":"Collectif d&#039;artistes \u00e0 Nantes","publisher":{"@id":"https:\/\/lesamisdelart.fr\/#organization"},"potentialAction":[{"@type":"SearchAction","target":{"@type":"EntryPoint","urlTemplate":"https:\/\/lesamisdelart.fr\/?s={search_term_string}"},"query-input":{"@type":"PropertyValueSpecification","valueRequired":true,"valueName":"search_term_string"}}],"inLanguage":"fr-FR"},{"@type":"Organization","@id":"https:\/\/lesamisdelart.fr\/#organization","name":"Les Amis de L&#039;Art","url":"https:\/\/lesamisdelart.fr\/","logo":{"@type":"ImageObject","inLanguage":"fr-FR","@id":"https:\/\/lesamisdelart.fr\/#\/schema\/logo\/image\/","url":"https:\/\/lesamisdelart.fr\/wp-content\/uploads\/2020\/02\/cropped-cropped-logo_noir01-e1582188804811-1.png","contentUrl":"https:\/\/lesamisdelart.fr\/wp-content\/uploads\/2020\/02\/cropped-cropped-logo_noir01-e1582188804811-1.png","width":83,"height":120,"caption":"Les Amis de L&#039;Art"},"image":{"@id":"https:\/\/lesamisdelart.fr\/#\/schema\/logo\/image\/"}}]}},"_links":{"self":[{"href":"https:\/\/lesamisdelart.fr\/index.php?rest_route=\/wp\/v2\/pages\/4331","targetHints":{"allow":["GET"]}}],"collection":[{"href":"https:\/\/lesamisdelart.fr\/index.php?rest_route=\/wp\/v2\/pages"}],"about":[{"href":"https:\/\/lesamisdelart.fr\/index.php?rest_route=\/wp\/v2\/types\/page"}],"author":[{"embeddable":true,"href":"https:\/\/lesamisdelart.fr\/index.php?rest_route=\/wp\/v2\/users\/1"}],"replies":[{"embeddable":true,"href":"https:\/\/lesamisdelart.fr\/index.php?rest_route=%2Fwp%2Fv2%2Fcomments&post=4331"}],"version-history":[{"count":21,"href":"https:\/\/lesamisdelart.fr\/index.php?rest_route=\/wp\/v2\/pages\/4331\/revisions"}],"predecessor-version":[{"id":4861,"href":"https:\/\/lesamisdelart.fr\/index.php?rest_route=\/wp\/v2\/pages\/4331\/revisions\/4861"}],"wp:attachment":[{"href":"https:\/\/lesamisdelart.fr\/index.php?rest_route=%2Fwp%2Fv2%2Fmedia&parent=4331"}],"curies":[{"name":"wp","href":"https:\/\/api.w.org\/{rel}","templated":true}]}}