{"id":4340,"date":"2020-03-07T18:45:43","date_gmt":"2020-03-07T17:45:43","guid":{"rendered":"http:\/\/lesamisdelart.fr\/?page_id=4340"},"modified":"2021-12-20T19:07:25","modified_gmt":"2021-12-20T18:07:25","slug":"association","status":"publish","type":"page","link":"http:\/\/lesamisdelart.fr\/?page_id=4340","title":{"rendered":"L&rsquo; Association"},"content":{"rendered":"\n<div class=\"wp-block-columns is-layout-flex wp-container-core-columns-is-layout-1 wp-block-columns-is-layout-flex\">\n<div class=\"wp-block-column is-layout-flow wp-block-column-is-layout-flow\">\n<div class=\"wp-block-image\"><figure class=\"aligncenter size-full\"><img loading=\"lazy\" decoding=\"async\" width=\"700\" height=\"531\" src=\"http:\/\/lesamisdelart.fr\/wp-content\/uploads\/2020\/02\/association01.jpg\" alt=\"\" class=\"wp-image-32\" srcset=\"http:\/\/lesamisdelart.fr\/wp-content\/uploads\/2020\/02\/association01.jpg 700w, http:\/\/lesamisdelart.fr\/wp-content\/uploads\/2020\/02\/association01-300x228.jpg 300w\" sizes=\"auto, (max-width: 700px) 100vw, 700px\" \/><\/figure><\/div>\n<\/div>\n\n\n\n<div class=\"wp-block-column is-vertically-aligned-center is-layout-flow wp-block-column-is-layout-flow\">\n<h2 class=\"wp-block-heading\"><br>Les Amis de l&rsquo;Art<br>Nantes &#8211; France<\/h2>\n\n\n\n<p>Association loi 1901 .<\/p>\n\n\n\n<div class=\"wp-block-buttons is-layout-flex wp-block-buttons-is-layout-flex\">\n<div class=\"wp-block-button is-style-primary\"><a class=\"wp-block-button__link\">En savoir +<\/a><\/div>\n<\/div>\n<\/div>\n<\/div>\n\n\n\n<div class=\"wp-block-columns is-layout-flex wp-container-core-columns-is-layout-2 wp-block-columns-is-layout-flex\">\n<div class=\"wp-block-column is-layout-flow wp-block-column-is-layout-flow\">\n<div class=\"wp-block-image\"><figure class=\"aligncenter size-full\"><img loading=\"lazy\" decoding=\"async\" width=\"851\" height=\"310\" src=\"http:\/\/lesamisdelart.fr\/wp-content\/uploads\/2021\/12\/10372555_238346026505747_8260819419086822124_n.jpg\" alt=\"\" class=\"wp-image-4724\" srcset=\"http:\/\/lesamisdelart.fr\/wp-content\/uploads\/2021\/12\/10372555_238346026505747_8260819419086822124_n.jpg 851w, http:\/\/lesamisdelart.fr\/wp-content\/uploads\/2021\/12\/10372555_238346026505747_8260819419086822124_n-300x109.jpg 300w, http:\/\/lesamisdelart.fr\/wp-content\/uploads\/2021\/12\/10372555_238346026505747_8260819419086822124_n-768x280.jpg 768w\" sizes=\"auto, (max-width: 851px) 100vw, 851px\" \/><\/figure><\/div>\n<\/div>\n\n\n\n<div class=\"wp-block-column is-vertically-aligned-center is-layout-flow wp-block-column-is-layout-flow\">\n<h2 class=\"wp-block-heading\">L&rsquo; association regroupe plus de 400 artistes \u00e0 ce jour.<\/h2>\n\n\n\n<p> Composition de l&rsquo;Association:<\/p>\n\n\n\n<p>Pr\u00e9sident &#8211; Lionel Le Scornec<br><br>B. Ravilly &#8211; M Ganier &#8211;  D Prevost &#8211; En cours &#8230;<br><br><\/p>\n\n\n\n<p><\/p>\n<\/div>\n<\/div>\n\n\n\n<h2 class=\"wp-block-heading\" style=\"font-size:38px;line-height:1.4\">Naissance et vie<strong> de l&rsquo;association<\/strong><\/h2>\n\n\n\n<h2 class=\"wp-block-heading\" style=\"font-size:38px;line-height:1.4\"><strong>&#8211; Les amis de l&rsquo;art &#8211;<\/strong><\/h2>\n\n\n\n<div class=\"wp-block-columns is-layout-flex wp-container-core-columns-is-layout-3 wp-block-columns-is-layout-flex\">\n<div class=\"wp-block-column is-layout-flow wp-block-column-is-layout-flow\">\n<p style=\"font-size:18px\">1835 : A Nantes une association voit le jour dans la perspective d&rsquo;acqu\u00e9rir des tableaux, d&rsquo;exposer une fois I&rsquo;an les artistes membres de la soci\u00e9t\u00e9 ainsi que des artistes invit\u00e9s : l&rsquo;Association des Amis de I&rsquo;Art<br>Li\u00e9e de pr\u00e8s aux \u00e9v\u00e9nements industriels et avec I&rsquo;aide de la municipalit\u00e9 dans le but de propager le go\u00fbt des arts et d&rsquo;en favoriser le d\u00e9veloppement par une exposition annuelle et publique la Soci\u00e9t\u00e9 des Amis des Arts est fond\u00e9e en 1890.<br>Parall\u00e8lement aux galeries actives et apr\u00e8s la cr\u00e9ation d&rsquo;une \u00e9cole des Beaux Arts et d&rsquo;un Mus\u00e9e en avril 1900 les expositions se succ\u00e8dent.<br>1911 y voit Piet Mondrian exposer. En novembre 1927 dans les salons des Magasins Decr\u00e9 rue de Briord 500 toiles sont r\u00e9unies.<br>L&rsquo;Association agr\u00e9\u00e9 en 1938 par le minist\u00e8re de l&rsquo;\u00e9ducation Nationale et fond\u00e9e par Gaston Diehl sous le doux vocable du mouvement de Propagande et de Culture Artistique &#8211; le terme Communication n&rsquo;ayant pas encore vu le jour &#8211; est repr\u00e9sent\u00e9e \u00e0 Nantes des 1944 par H Leray qui fait alterner conf\u00e9rences , d\u00e9bats et expositions .<br>En 1971 les Amis de l&rsquo;Art reprennent cette activit\u00e9 en organisant des biennales Bretagne rencontres d\u2019Octobre.<br>Ce n&rsquo;est finalement qu&rsquo;\u00e0 partir de 1984 au Parc des Expositions de la Beaujoire qui restera pendant trols d\u00e9cennies avec la ville de Nantes le partenaire privil\u00e9gi\u00e9 de l&rsquo;association au rythme de 2 expositions annuelles que se constituera l&rsquo;image alliant diversit\u00e9 et cr\u00e9ation de l&rsquo;Association des Amis de l\u2019Art, sous la pr\u00e9sidence d&rsquo;Enrico Cocquio avec le dynamisrne des artistes Dabin, Dauce, Legoinvec .<br>Dans ce cadre auront \u00e9t\u00e9 r\u00e9alis\u00e9es parall\u00e8lement \u00e0 la pr\u00e9sentation de pelntres ou de sculpteurs locaux et r\u00e9gionaux, des expositions internationales de Gravures et de Lithographies, de Naifs, Verre et Tapisserie<br><br><\/p>\n<\/div>\n\n\n\n<div class=\"wp-block-column is-layout-flow wp-block-column-is-layout-flow\">\n<p><\/p>\n\n\n\n<p>En 2013 la pr\u00e9sidence de Bruno Cocquio verra avec nos oeuvres, dans les bassins aujourd&rsquo;hui disparus et les jardins, la fin du partenariat avec le Parc de la Beaujoire o\u00f9 auront \u00e9t\u00e9 pr\u00e9sent\u00e9s \u00e0 un public populaire, plus de 1300 artistes et plasticiens .<\/p>\n\n\n\n<p>2014 &#8211; Une grande exposition a \u00e9t\u00e9 organis\u00e9e au mois de mai, Rue Bisson dans l&rsquo;ancienne agence d&rsquo;architecture de Pellerin -Thabart, puis trois autres se sont succ\u00e9d\u00e9es au Loft Bayard, ce lieu d&rsquo;exception et priv\u00e9 du centre de Nantes.<br>2015 &#8211; l\u2019association participe activement durant le mois de septembre, \u00e0 la Folie des plantes au parc du grand Blottereau<br>Au mois de mai 2015 lors des Journ\u00e9es Internationales de la Sculpture au Centre international des Arts \u00e0 Paris &#8211; avec le soutien du minist\u00e8re de Ia Culture et de la Communication- une vingtaine de nos sculpteurs pr\u00e9sentent leurs oeuvres.<br>2016 &#8211; Arr\u00eat du partenariat municipal sous le mandat de Mme Johanna Rolland .<br>Exposition \u00e0 La Vinaigrerie au Pellerin du 27 mai au 5 juin 2016.<br>Exposition \u00e0 l\u2019Espace Rex du 5 au 30 octobre 2016.<\/p>\n\n\n\n<p style=\"font-size:18px\"><\/p>\n<\/div>\n<\/div>\n","protected":false},"excerpt":{"rendered":"<p>Les Amis de l&rsquo;ArtNantes &#8211; France Association loi 1901 . L&rsquo; association regroupe plus de 400 artistes \u00e0 ce jour. Composition de l&rsquo;Association: Pr\u00e9sident &#8211; Lionel Le Scornec B. Ravilly &#8211; M Ganier &#8211; D Prevost &#8211; En cours &#8230; Naissance et vie de l&rsquo;association &#8211; Les amis de l&rsquo;art &#8211; 1835 : A Nantes&hellip;&nbsp;<a href=\"http:\/\/lesamisdelart.fr\/?page_id=4340\" rel=\"bookmark\">Lire la suite &raquo;<span class=\"screen-reader-text\">L&rsquo; Association<\/span><\/a><\/p>\n","protected":false},"author":1,"featured_media":0,"parent":0,"menu_order":0,"comment_status":"closed","ping_status":"closed","template":"","meta":{"neve_meta_sidebar":"","neve_meta_container":"","neve_meta_enable_content_width":"","neve_meta_content_width":0,"neve_meta_title_alignment":"","neve_meta_author_avatar":"","neve_post_elements_order":"","neve_meta_disable_header":"","neve_meta_disable_footer":"","neve_meta_disable_title":"","footnotes":""},"class_list":["post-4340","page","type-page","status-publish","hentry"],"yoast_head":"<!-- This site is optimized with the Yoast SEO plugin v24.7 - https:\/\/yoast.com\/wordpress\/plugins\/seo\/ -->\n<title>L&#039; Association - Les Amis de L&#039;Art<\/title>\n<meta name=\"robots\" content=\"index, follow, max-snippet:-1, max-image-preview:large, max-video-preview:-1\" \/>\n<link rel=\"canonical\" href=\"https:\/\/lesamisdelart.fr\/?page_id=4340\" \/>\n<meta property=\"og:locale\" content=\"fr_FR\" \/>\n<meta property=\"og:type\" content=\"article\" \/>\n<meta property=\"og:title\" content=\"L&#039; Association - Les Amis de L&#039;Art\" \/>\n<meta property=\"og:description\" content=\"Les Amis de l&rsquo;ArtNantes &#8211; France Association loi 1901 . L&rsquo; association regroupe plus de 400 artistes \u00e0 ce jour. Composition de l&rsquo;Association: Pr\u00e9sident &#8211; Lionel Le Scornec B. Ravilly &#8211; M Ganier &#8211; D Prevost &#8211; En cours &#8230; Naissance et vie de l&rsquo;association &#8211; Les amis de l&rsquo;art &#8211; 1835 : A Nantes&hellip;&nbsp;Lire la suite &raquo;L&rsquo; Association\" \/>\n<meta property=\"og:url\" content=\"https:\/\/lesamisdelart.fr\/?page_id=4340\" \/>\n<meta property=\"og:site_name\" content=\"Les Amis de L&#039;Art\" \/>\n<meta property=\"article:modified_time\" content=\"2021-12-20T18:07:25+00:00\" \/>\n<meta property=\"og:image\" content=\"http:\/\/lesamisdelart.fr\/wp-content\/uploads\/2020\/02\/association01.jpg\" \/>\n<meta name=\"twitter:card\" content=\"summary_large_image\" \/>\n<meta name=\"twitter:label1\" content=\"Dur\u00e9e de lecture estim\u00e9e\" \/>\n\t<meta name=\"twitter:data1\" content=\"3 minutes\" \/>\n<script type=\"application\/ld+json\" class=\"yoast-schema-graph\">{\"@context\":\"https:\/\/schema.org\",\"@graph\":[{\"@type\":\"WebPage\",\"@id\":\"https:\/\/lesamisdelart.fr\/?page_id=4340\",\"url\":\"https:\/\/lesamisdelart.fr\/?page_id=4340\",\"name\":\"L' Association - Les Amis de L&#039;Art\",\"isPartOf\":{\"@id\":\"https:\/\/lesamisdelart.fr\/#website\"},\"primaryImageOfPage\":{\"@id\":\"https:\/\/lesamisdelart.fr\/?page_id=4340#primaryimage\"},\"image\":{\"@id\":\"https:\/\/lesamisdelart.fr\/?page_id=4340#primaryimage\"},\"thumbnailUrl\":\"http:\/\/lesamisdelart.fr\/wp-content\/uploads\/2020\/02\/association01.jpg\",\"datePublished\":\"2020-03-07T17:45:43+00:00\",\"dateModified\":\"2021-12-20T18:07:25+00:00\",\"breadcrumb\":{\"@id\":\"https:\/\/lesamisdelart.fr\/?page_id=4340#breadcrumb\"},\"inLanguage\":\"fr-FR\",\"potentialAction\":[{\"@type\":\"ReadAction\",\"target\":[\"https:\/\/lesamisdelart.fr\/?page_id=4340\"]}]},{\"@type\":\"ImageObject\",\"inLanguage\":\"fr-FR\",\"@id\":\"https:\/\/lesamisdelart.fr\/?page_id=4340#primaryimage\",\"url\":\"http:\/\/lesamisdelart.fr\/wp-content\/uploads\/2020\/02\/association01.jpg\",\"contentUrl\":\"http:\/\/lesamisdelart.fr\/wp-content\/uploads\/2020\/02\/association01.jpg\"},{\"@type\":\"BreadcrumbList\",\"@id\":\"https:\/\/lesamisdelart.fr\/?page_id=4340#breadcrumb\",\"itemListElement\":[{\"@type\":\"ListItem\",\"position\":1,\"name\":\"Accueil\",\"item\":\"https:\/\/lesamisdelart.fr\/\"},{\"@type\":\"ListItem\",\"position\":2,\"name\":\"L&rsquo; Association\"}]},{\"@type\":\"WebSite\",\"@id\":\"https:\/\/lesamisdelart.fr\/#website\",\"url\":\"https:\/\/lesamisdelart.fr\/\",\"name\":\"Les Amis de L&#039;Art\",\"description\":\"Collectif d&#039;artistes \u00e0 Nantes\",\"publisher\":{\"@id\":\"https:\/\/lesamisdelart.fr\/#organization\"},\"potentialAction\":[{\"@type\":\"SearchAction\",\"target\":{\"@type\":\"EntryPoint\",\"urlTemplate\":\"https:\/\/lesamisdelart.fr\/?s={search_term_string}\"},\"query-input\":{\"@type\":\"PropertyValueSpecification\",\"valueRequired\":true,\"valueName\":\"search_term_string\"}}],\"inLanguage\":\"fr-FR\"},{\"@type\":\"Organization\",\"@id\":\"https:\/\/lesamisdelart.fr\/#organization\",\"name\":\"Les Amis de L&#039;Art\",\"url\":\"https:\/\/lesamisdelart.fr\/\",\"logo\":{\"@type\":\"ImageObject\",\"inLanguage\":\"fr-FR\",\"@id\":\"https:\/\/lesamisdelart.fr\/#\/schema\/logo\/image\/\",\"url\":\"http:\/\/lesamisdelart.fr\/wp-content\/uploads\/2020\/02\/cropped-cropped-logo_noir01-e1582188804811-1.png\",\"contentUrl\":\"http:\/\/lesamisdelart.fr\/wp-content\/uploads\/2020\/02\/cropped-cropped-logo_noir01-e1582188804811-1.png\",\"width\":83,\"height\":120,\"caption\":\"Les Amis de L&#039;Art\"},\"image\":{\"@id\":\"https:\/\/lesamisdelart.fr\/#\/schema\/logo\/image\/\"}}]}<\/script>\n<!-- \/ Yoast SEO plugin. -->","yoast_head_json":{"title":"L' Association - Les Amis de L&#039;Art","robots":{"index":"index","follow":"follow","max-snippet":"max-snippet:-1","max-image-preview":"max-image-preview:large","max-video-preview":"max-video-preview:-1"},"canonical":"https:\/\/lesamisdelart.fr\/?page_id=4340","og_locale":"fr_FR","og_type":"article","og_title":"L' Association - Les Amis de L&#039;Art","og_description":"Les Amis de l&rsquo;ArtNantes &#8211; France Association loi 1901 . L&rsquo; association regroupe plus de 400 artistes \u00e0 ce jour. Composition de l&rsquo;Association: Pr\u00e9sident &#8211; Lionel Le Scornec B. Ravilly &#8211; M Ganier &#8211; D Prevost &#8211; En cours &#8230; Naissance et vie de l&rsquo;association &#8211; Les amis de l&rsquo;art &#8211; 1835 : A Nantes&hellip;&nbsp;Lire la suite &raquo;L&rsquo; Association","og_url":"https:\/\/lesamisdelart.fr\/?page_id=4340","og_site_name":"Les Amis de L&#039;Art","article_modified_time":"2021-12-20T18:07:25+00:00","og_image":[{"url":"http:\/\/lesamisdelart.fr\/wp-content\/uploads\/2020\/02\/association01.jpg","type":"","width":"","height":""}],"twitter_card":"summary_large_image","twitter_misc":{"Dur\u00e9e de lecture estim\u00e9e":"3 minutes"},"schema":{"@context":"https:\/\/schema.org","@graph":[{"@type":"WebPage","@id":"https:\/\/lesamisdelart.fr\/?page_id=4340","url":"https:\/\/lesamisdelart.fr\/?page_id=4340","name":"L' Association - Les Amis de L&#039;Art","isPartOf":{"@id":"https:\/\/lesamisdelart.fr\/#website"},"primaryImageOfPage":{"@id":"https:\/\/lesamisdelart.fr\/?page_id=4340#primaryimage"},"image":{"@id":"https:\/\/lesamisdelart.fr\/?page_id=4340#primaryimage"},"thumbnailUrl":"http:\/\/lesamisdelart.fr\/wp-content\/uploads\/2020\/02\/association01.jpg","datePublished":"2020-03-07T17:45:43+00:00","dateModified":"2021-12-20T18:07:25+00:00","breadcrumb":{"@id":"https:\/\/lesamisdelart.fr\/?page_id=4340#breadcrumb"},"inLanguage":"fr-FR","potentialAction":[{"@type":"ReadAction","target":["https:\/\/lesamisdelart.fr\/?page_id=4340"]}]},{"@type":"ImageObject","inLanguage":"fr-FR","@id":"https:\/\/lesamisdelart.fr\/?page_id=4340#primaryimage","url":"http:\/\/lesamisdelart.fr\/wp-content\/uploads\/2020\/02\/association01.jpg","contentUrl":"http:\/\/lesamisdelart.fr\/wp-content\/uploads\/2020\/02\/association01.jpg"},{"@type":"BreadcrumbList","@id":"https:\/\/lesamisdelart.fr\/?page_id=4340#breadcrumb","itemListElement":[{"@type":"ListItem","position":1,"name":"Accueil","item":"https:\/\/lesamisdelart.fr\/"},{"@type":"ListItem","position":2,"name":"L&rsquo; Association"}]},{"@type":"WebSite","@id":"https:\/\/lesamisdelart.fr\/#website","url":"https:\/\/lesamisdelart.fr\/","name":"Les Amis de L&#039;Art","description":"Collectif d&#039;artistes \u00e0 Nantes","publisher":{"@id":"https:\/\/lesamisdelart.fr\/#organization"},"potentialAction":[{"@type":"SearchAction","target":{"@type":"EntryPoint","urlTemplate":"https:\/\/lesamisdelart.fr\/?s={search_term_string}"},"query-input":{"@type":"PropertyValueSpecification","valueRequired":true,"valueName":"search_term_string"}}],"inLanguage":"fr-FR"},{"@type":"Organization","@id":"https:\/\/lesamisdelart.fr\/#organization","name":"Les Amis de L&#039;Art","url":"https:\/\/lesamisdelart.fr\/","logo":{"@type":"ImageObject","inLanguage":"fr-FR","@id":"https:\/\/lesamisdelart.fr\/#\/schema\/logo\/image\/","url":"http:\/\/lesamisdelart.fr\/wp-content\/uploads\/2020\/02\/cropped-cropped-logo_noir01-e1582188804811-1.png","contentUrl":"http:\/\/lesamisdelart.fr\/wp-content\/uploads\/2020\/02\/cropped-cropped-logo_noir01-e1582188804811-1.png","width":83,"height":120,"caption":"Les Amis de L&#039;Art"},"image":{"@id":"https:\/\/lesamisdelart.fr\/#\/schema\/logo\/image\/"}}]}},"_links":{"self":[{"href":"http:\/\/lesamisdelart.fr\/index.php?rest_route=\/wp\/v2\/pages\/4340","targetHints":{"allow":["GET"]}}],"collection":[{"href":"http:\/\/lesamisdelart.fr\/index.php?rest_route=\/wp\/v2\/pages"}],"about":[{"href":"http:\/\/lesamisdelart.fr\/index.php?rest_route=\/wp\/v2\/types\/page"}],"author":[{"embeddable":true,"href":"http:\/\/lesamisdelart.fr\/index.php?rest_route=\/wp\/v2\/users\/1"}],"replies":[{"embeddable":true,"href":"http:\/\/lesamisdelart.fr\/index.php?rest_route=%2Fwp%2Fv2%2Fcomments&post=4340"}],"version-history":[{"count":22,"href":"http:\/\/lesamisdelart.fr\/index.php?rest_route=\/wp\/v2\/pages\/4340\/revisions"}],"predecessor-version":[{"id":4857,"href":"http:\/\/lesamisdelart.fr\/index.php?rest_route=\/wp\/v2\/pages\/4340\/revisions\/4857"}],"wp:attachment":[{"href":"http:\/\/lesamisdelart.fr\/index.php?rest_route=%2Fwp%2Fv2%2Fmedia&parent=4340"}],"curies":[{"name":"wp","href":"https:\/\/api.w.org\/{rel}","templated":true}]}}