{"id":4335,"date":"2020-03-07T18:45:11","date_gmt":"2020-03-07T17:45:11","guid":{"rendered":"http:\/\/lesamisdelart.fr\/?page_id=4335"},"modified":"2021-12-18T17:01:19","modified_gmt":"2021-12-18T16:01:19","slug":"expositions","status":"publish","type":"page","link":"http:\/\/lesamisdelart.fr\/?page_id=4335","title":{"rendered":"Expositions"},"content":{"rendered":"\n<div class=\"wp-block-columns is-layout-flex wp-container-core-columns-is-layout-1 wp-block-columns-is-layout-flex\">\n<div class=\"wp-block-column is-layout-flow wp-block-column-is-layout-flow\">\n<div class=\"wp-block-image\"><figure class=\"aligncenter size-large is-resized\"><a href=\"https:\/\/lesamisdelart.fr\/?attachment_id=4651\"><img loading=\"lazy\" decoding=\"async\" src=\"http:\/\/lesamisdelart.fr\/wp-content\/uploads\/2021\/12\/news-mosaic2022-2-1024x398.jpg\" alt=\"\" class=\"wp-image-4651\" width=\"407\" height=\"158\" srcset=\"http:\/\/lesamisdelart.fr\/wp-content\/uploads\/2021\/12\/news-mosaic2022-2-1024x398.jpg 1024w, http:\/\/lesamisdelart.fr\/wp-content\/uploads\/2021\/12\/news-mosaic2022-2-300x117.jpg 300w, http:\/\/lesamisdelart.fr\/wp-content\/uploads\/2021\/12\/news-mosaic2022-2-768x299.jpg 768w, http:\/\/lesamisdelart.fr\/wp-content\/uploads\/2021\/12\/news-mosaic2022-2.jpg 1388w\" sizes=\"auto, (max-width: 407px) 100vw, 407px\" \/><\/a><\/figure><\/div>\n<\/div>\n\n\n\n<div class=\"wp-block-column is-vertically-aligned-center is-layout-flow wp-block-column-is-layout-flow\">\n<h2 class=\"wp-block-heading\">THE MOSAIC EXPERIENCE<\/h2>\n\n\n\n<p>SAMEDI 9 AVRIL &gt; DIMANCHE 22 MAI 2022<\/p>\n\n\n\n<p>ENTREE LIBRE \/ FREE ENTRANCE CHAPELLE DU SAINT-ESPRIT<\/p>\n\n\n\n<p>Place du Four Mollet56400 AURAY , FRANCE<\/p>\n\n\n\n<div class=\"wp-block-buttons is-layout-flex wp-block-buttons-is-layout-flex\">\n<div class=\"wp-block-button is-style-primary\"><a class=\"wp-block-button__link\" href=\"https:\/\/www.facebook.com\/watch\/?v=519322628966429\" target=\"_blank\" rel=\"noreferrer noopener\">En savoir +<\/a><\/div>\n<\/div>\n<\/div>\n<\/div>\n\n\n\n<div class=\"wp-block-columns is-layout-flex wp-container-core-columns-is-layout-2 wp-block-columns-is-layout-flex\">\n<div class=\"wp-block-column is-layout-flow wp-block-column-is-layout-flow\">\n<div class=\"wp-block-image\"><figure class=\"aligncenter\"><a href=\"http:\/\/lesamisdelart.fr\/wp-content\/uploads\/2020\/02\/expo017.jpg\"><img loading=\"lazy\" decoding=\"async\" width=\"300\" height=\"288\" src=\"http:\/\/lesamisdelart.fr\/wp-content\/uploads\/2020\/02\/expo017-300x288.jpg\" alt=\"\" class=\"wp-image-49\" srcset=\"http:\/\/lesamisdelart.fr\/wp-content\/uploads\/2020\/02\/expo017-300x288.jpg 300w, http:\/\/lesamisdelart.fr\/wp-content\/uploads\/2020\/02\/expo017-768x736.jpg 768w, http:\/\/lesamisdelart.fr\/wp-content\/uploads\/2020\/02\/expo017.jpg 960w\" sizes=\"auto, (max-width: 300px) 100vw, 300px\" \/><\/a><\/figure><\/div>\n<\/div>\n\n\n\n<div class=\"wp-block-column is-vertically-aligned-center is-layout-flow wp-block-column-is-layout-flow\">\n<h2 class=\"wp-block-heading\">Nouvelle Exposition &#8211; D\u00e9cembre 2021<\/h2>\n\n\n\n<p>Exposition en cours du 2 d\u00e9cembre au 16 d\u00e9cembre 2019.<\/p>\n<\/div>\n<\/div>\n\n\n\n<div class=\"wp-block-columns is-layout-flex wp-container-core-columns-is-layout-3 wp-block-columns-is-layout-flex\">\n<div class=\"wp-block-column is-layout-flow wp-block-column-is-layout-flow\">\n<div class=\"wp-block-image\"><figure class=\"aligncenter\"><a href=\"http:\/\/lesamisdelart.fr\/wp-content\/uploads\/2020\/02\/expo016.jpg\"><img loading=\"lazy\" decoding=\"async\" width=\"295\" height=\"300\" src=\"http:\/\/lesamisdelart.fr\/wp-content\/uploads\/2020\/02\/expo016-295x300.jpg\" alt=\"\" class=\"wp-image-48\" srcset=\"http:\/\/lesamisdelart.fr\/wp-content\/uploads\/2020\/02\/expo016-295x300.jpg 295w, http:\/\/lesamisdelart.fr\/wp-content\/uploads\/2020\/02\/expo016-768x782.jpg 768w, http:\/\/lesamisdelart.fr\/wp-content\/uploads\/2020\/02\/expo016.jpg 828w\" sizes=\"auto, (max-width: 295px) 100vw, 295px\" \/><\/a><\/figure><\/div>\n<\/div>\n\n\n\n<div class=\"wp-block-column is-vertically-aligned-center is-layout-flow wp-block-column-is-layout-flow\">\n<h2 class=\"wp-block-heading\"> Nouvelle Exposition &#8211; Janvier 2022<\/h2>\n\n\n\n<p> Exposition en cours du 2 d\u00e9cembre au 16 d\u00e9cembre 2021.<\/p>\n<\/div>\n<\/div>\n","protected":false},"excerpt":{"rendered":"<p>THE MOSAIC EXPERIENCE SAMEDI 9 AVRIL &gt; DIMANCHE 22 MAI 2022 ENTREE LIBRE \/ FREE ENTRANCE CHAPELLE DU SAINT-ESPRIT Place du Four Mollet56400 AURAY , FRANCE Nouvelle Exposition &#8211; D\u00e9cembre 2021 Exposition en cours du 2 d\u00e9cembre au 16 d\u00e9cembre 2019. Nouvelle Exposition &#8211; Janvier 2022 Exposition en cours du 2 d\u00e9cembre au 16 d\u00e9cembre&hellip;&nbsp;<a href=\"http:\/\/lesamisdelart.fr\/?page_id=4335\" rel=\"bookmark\">Lire la suite &raquo;<span class=\"screen-reader-text\">Expositions<\/span><\/a><\/p>\n","protected":false},"author":1,"featured_media":0,"parent":0,"menu_order":0,"comment_status":"closed","ping_status":"closed","template":"","meta":{"neve_meta_sidebar":"","neve_meta_container":"","neve_meta_enable_content_width":"","neve_meta_content_width":0,"neve_meta_title_alignment":"","neve_meta_author_avatar":"","neve_post_elements_order":"","neve_meta_disable_header":"","neve_meta_disable_footer":"","neve_meta_disable_title":"","footnotes":""},"class_list":["post-4335","page","type-page","status-publish","hentry"],"yoast_head":"<!-- This site is optimized with the Yoast SEO plugin v24.7 - https:\/\/yoast.com\/wordpress\/plugins\/seo\/ -->\n<title>Expositions - Les Amis de L&#039;Art<\/title>\n<meta name=\"robots\" content=\"index, follow, max-snippet:-1, max-image-preview:large, max-video-preview:-1\" \/>\n<link rel=\"canonical\" href=\"http:\/\/lesamisdelart.fr\/?page_id=4335\" \/>\n<meta property=\"og:locale\" content=\"fr_FR\" \/>\n<meta property=\"og:type\" content=\"article\" \/>\n<meta property=\"og:title\" content=\"Expositions - Les Amis de L&#039;Art\" \/>\n<meta property=\"og:description\" content=\"THE MOSAIC EXPERIENCE SAMEDI 9 AVRIL &gt; DIMANCHE 22 MAI 2022 ENTREE LIBRE \/ FREE ENTRANCE CHAPELLE DU SAINT-ESPRIT Place du Four Mollet56400 AURAY , FRANCE Nouvelle Exposition &#8211; D\u00e9cembre 2021 Exposition en cours du 2 d\u00e9cembre au 16 d\u00e9cembre 2019. Nouvelle Exposition &#8211; Janvier 2022 Exposition en cours du 2 d\u00e9cembre au 16 d\u00e9cembre&hellip;&nbsp;Lire la suite &raquo;Expositions\" \/>\n<meta property=\"og:url\" content=\"http:\/\/lesamisdelart.fr\/?page_id=4335\" \/>\n<meta property=\"og:site_name\" content=\"Les Amis de L&#039;Art\" \/>\n<meta property=\"article:modified_time\" content=\"2021-12-18T16:01:19+00:00\" \/>\n<meta property=\"og:image\" content=\"http:\/\/lesamisdelart.fr\/wp-content\/uploads\/2021\/12\/news-mosaic2022-2-1024x398.jpg\" \/>\n<meta name=\"twitter:card\" content=\"summary_large_image\" \/>\n<script type=\"application\/ld+json\" class=\"yoast-schema-graph\">{\"@context\":\"https:\/\/schema.org\",\"@graph\":[{\"@type\":\"WebPage\",\"@id\":\"http:\/\/lesamisdelart.fr\/?page_id=4335\",\"url\":\"http:\/\/lesamisdelart.fr\/?page_id=4335\",\"name\":\"Expositions - Les Amis de L&#039;Art\",\"isPartOf\":{\"@id\":\"https:\/\/lesamisdelart.fr\/#website\"},\"primaryImageOfPage\":{\"@id\":\"http:\/\/lesamisdelart.fr\/?page_id=4335#primaryimage\"},\"image\":{\"@id\":\"http:\/\/lesamisdelart.fr\/?page_id=4335#primaryimage\"},\"thumbnailUrl\":\"http:\/\/lesamisdelart.fr\/wp-content\/uploads\/2021\/12\/news-mosaic2022-2-1024x398.jpg\",\"datePublished\":\"2020-03-07T17:45:11+00:00\",\"dateModified\":\"2021-12-18T16:01:19+00:00\",\"breadcrumb\":{\"@id\":\"http:\/\/lesamisdelart.fr\/?page_id=4335#breadcrumb\"},\"inLanguage\":\"fr-FR\",\"potentialAction\":[{\"@type\":\"ReadAction\",\"target\":[\"http:\/\/lesamisdelart.fr\/?page_id=4335\"]}]},{\"@type\":\"ImageObject\",\"inLanguage\":\"fr-FR\",\"@id\":\"http:\/\/lesamisdelart.fr\/?page_id=4335#primaryimage\",\"url\":\"http:\/\/lesamisdelart.fr\/wp-content\/uploads\/2021\/12\/news-mosaic2022-2-1024x398.jpg\",\"contentUrl\":\"http:\/\/lesamisdelart.fr\/wp-content\/uploads\/2021\/12\/news-mosaic2022-2-1024x398.jpg\"},{\"@type\":\"BreadcrumbList\",\"@id\":\"http:\/\/lesamisdelart.fr\/?page_id=4335#breadcrumb\",\"itemListElement\":[{\"@type\":\"ListItem\",\"position\":1,\"name\":\"Accueil\",\"item\":\"https:\/\/lesamisdelart.fr\/\"},{\"@type\":\"ListItem\",\"position\":2,\"name\":\"Expositions\"}]},{\"@type\":\"WebSite\",\"@id\":\"https:\/\/lesamisdelart.fr\/#website\",\"url\":\"https:\/\/lesamisdelart.fr\/\",\"name\":\"Les Amis de L&#039;Art\",\"description\":\"Collectif d&#039;artistes \u00e0 Nantes\",\"publisher\":{\"@id\":\"https:\/\/lesamisdelart.fr\/#organization\"},\"potentialAction\":[{\"@type\":\"SearchAction\",\"target\":{\"@type\":\"EntryPoint\",\"urlTemplate\":\"https:\/\/lesamisdelart.fr\/?s={search_term_string}\"},\"query-input\":{\"@type\":\"PropertyValueSpecification\",\"valueRequired\":true,\"valueName\":\"search_term_string\"}}],\"inLanguage\":\"fr-FR\"},{\"@type\":\"Organization\",\"@id\":\"https:\/\/lesamisdelart.fr\/#organization\",\"name\":\"Les Amis de L&#039;Art\",\"url\":\"https:\/\/lesamisdelart.fr\/\",\"logo\":{\"@type\":\"ImageObject\",\"inLanguage\":\"fr-FR\",\"@id\":\"https:\/\/lesamisdelart.fr\/#\/schema\/logo\/image\/\",\"url\":\"http:\/\/lesamisdelart.fr\/wp-content\/uploads\/2020\/02\/cropped-cropped-logo_noir01-e1582188804811-1.png\",\"contentUrl\":\"http:\/\/lesamisdelart.fr\/wp-content\/uploads\/2020\/02\/cropped-cropped-logo_noir01-e1582188804811-1.png\",\"width\":83,\"height\":120,\"caption\":\"Les Amis de L&#039;Art\"},\"image\":{\"@id\":\"https:\/\/lesamisdelart.fr\/#\/schema\/logo\/image\/\"}}]}<\/script>\n<!-- \/ Yoast SEO plugin. -->","yoast_head_json":{"title":"Expositions - Les Amis de L&#039;Art","robots":{"index":"index","follow":"follow","max-snippet":"max-snippet:-1","max-image-preview":"max-image-preview:large","max-video-preview":"max-video-preview:-1"},"canonical":"http:\/\/lesamisdelart.fr\/?page_id=4335","og_locale":"fr_FR","og_type":"article","og_title":"Expositions - Les Amis de L&#039;Art","og_description":"THE MOSAIC EXPERIENCE SAMEDI 9 AVRIL &gt; DIMANCHE 22 MAI 2022 ENTREE LIBRE \/ FREE ENTRANCE CHAPELLE DU SAINT-ESPRIT Place du Four Mollet56400 AURAY , FRANCE Nouvelle Exposition &#8211; D\u00e9cembre 2021 Exposition en cours du 2 d\u00e9cembre au 16 d\u00e9cembre 2019. Nouvelle Exposition &#8211; Janvier 2022 Exposition en cours du 2 d\u00e9cembre au 16 d\u00e9cembre&hellip;&nbsp;Lire la suite &raquo;Expositions","og_url":"http:\/\/lesamisdelart.fr\/?page_id=4335","og_site_name":"Les Amis de L&#039;Art","article_modified_time":"2021-12-18T16:01:19+00:00","og_image":[{"url":"http:\/\/lesamisdelart.fr\/wp-content\/uploads\/2021\/12\/news-mosaic2022-2-1024x398.jpg","type":"","width":"","height":""}],"twitter_card":"summary_large_image","schema":{"@context":"https:\/\/schema.org","@graph":[{"@type":"WebPage","@id":"http:\/\/lesamisdelart.fr\/?page_id=4335","url":"http:\/\/lesamisdelart.fr\/?page_id=4335","name":"Expositions - Les Amis de L&#039;Art","isPartOf":{"@id":"https:\/\/lesamisdelart.fr\/#website"},"primaryImageOfPage":{"@id":"http:\/\/lesamisdelart.fr\/?page_id=4335#primaryimage"},"image":{"@id":"http:\/\/lesamisdelart.fr\/?page_id=4335#primaryimage"},"thumbnailUrl":"http:\/\/lesamisdelart.fr\/wp-content\/uploads\/2021\/12\/news-mosaic2022-2-1024x398.jpg","datePublished":"2020-03-07T17:45:11+00:00","dateModified":"2021-12-18T16:01:19+00:00","breadcrumb":{"@id":"http:\/\/lesamisdelart.fr\/?page_id=4335#breadcrumb"},"inLanguage":"fr-FR","potentialAction":[{"@type":"ReadAction","target":["http:\/\/lesamisdelart.fr\/?page_id=4335"]}]},{"@type":"ImageObject","inLanguage":"fr-FR","@id":"http:\/\/lesamisdelart.fr\/?page_id=4335#primaryimage","url":"http:\/\/lesamisdelart.fr\/wp-content\/uploads\/2021\/12\/news-mosaic2022-2-1024x398.jpg","contentUrl":"http:\/\/lesamisdelart.fr\/wp-content\/uploads\/2021\/12\/news-mosaic2022-2-1024x398.jpg"},{"@type":"BreadcrumbList","@id":"http:\/\/lesamisdelart.fr\/?page_id=4335#breadcrumb","itemListElement":[{"@type":"ListItem","position":1,"name":"Accueil","item":"https:\/\/lesamisdelart.fr\/"},{"@type":"ListItem","position":2,"name":"Expositions"}]},{"@type":"WebSite","@id":"https:\/\/lesamisdelart.fr\/#website","url":"https:\/\/lesamisdelart.fr\/","name":"Les Amis de L&#039;Art","description":"Collectif d&#039;artistes \u00e0 Nantes","publisher":{"@id":"https:\/\/lesamisdelart.fr\/#organization"},"potentialAction":[{"@type":"SearchAction","target":{"@type":"EntryPoint","urlTemplate":"https:\/\/lesamisdelart.fr\/?s={search_term_string}"},"query-input":{"@type":"PropertyValueSpecification","valueRequired":true,"valueName":"search_term_string"}}],"inLanguage":"fr-FR"},{"@type":"Organization","@id":"https:\/\/lesamisdelart.fr\/#organization","name":"Les Amis de L&#039;Art","url":"https:\/\/lesamisdelart.fr\/","logo":{"@type":"ImageObject","inLanguage":"fr-FR","@id":"https:\/\/lesamisdelart.fr\/#\/schema\/logo\/image\/","url":"http:\/\/lesamisdelart.fr\/wp-content\/uploads\/2020\/02\/cropped-cropped-logo_noir01-e1582188804811-1.png","contentUrl":"http:\/\/lesamisdelart.fr\/wp-content\/uploads\/2020\/02\/cropped-cropped-logo_noir01-e1582188804811-1.png","width":83,"height":120,"caption":"Les Amis de L&#039;Art"},"image":{"@id":"https:\/\/lesamisdelart.fr\/#\/schema\/logo\/image\/"}}]}},"_links":{"self":[{"href":"http:\/\/lesamisdelart.fr\/index.php?rest_route=\/wp\/v2\/pages\/4335","targetHints":{"allow":["GET"]}}],"collection":[{"href":"http:\/\/lesamisdelart.fr\/index.php?rest_route=\/wp\/v2\/pages"}],"about":[{"href":"http:\/\/lesamisdelart.fr\/index.php?rest_route=\/wp\/v2\/types\/page"}],"author":[{"embeddable":true,"href":"http:\/\/lesamisdelart.fr\/index.php?rest_route=\/wp\/v2\/users\/1"}],"replies":[{"embeddable":true,"href":"http:\/\/lesamisdelart.fr\/index.php?rest_route=%2Fwp%2Fv2%2Fcomments&post=4335"}],"version-history":[{"count":19,"href":"http:\/\/lesamisdelart.fr\/index.php?rest_route=\/wp\/v2\/pages\/4335\/revisions"}],"predecessor-version":[{"id":4692,"href":"http:\/\/lesamisdelart.fr\/index.php?rest_route=\/wp\/v2\/pages\/4335\/revisions\/4692"}],"wp:attachment":[{"href":"http:\/\/lesamisdelart.fr\/index.php?rest_route=%2Fwp%2Fv2%2Fmedia&parent=4335"}],"curies":[{"name":"wp","href":"https:\/\/api.w.org\/{rel}","templated":true}]}}